{"id":42,"date":"2025-02-08T14:55:15","date_gmt":"2025-02-08T13:55:15","guid":{"rendered":"https:\/\/divi5.elidee.com\/?page_id=42"},"modified":"2025-11-03T10:37:06","modified_gmt":"2025-11-03T09:37:06","slug":"creation-de-site-internet-orthez-solutions-personnalisees-pour-votre-entreprise","status":"publish","type":"page","link":"https:\/\/divi5.elidee.com\/index.php\/creation-de-site-internet-orthez-solutions-personnalisees-pour-votre-entreprise\/","title":{"rendered":"Cr\u00e9ation de Site Internet Orthez &#8211; Solutions Personnalis\u00e9es pour Votre Entreprise"},"content":{"rendered":"<div class=\"et_pb_section_0 et_pb_section et_section_regular et_flex_section\">\n<div class=\"et_pb_row_0 et_pb_row et_flex_row\">\n<div class=\"et_pb_column_0 et_pb_column et-last-child et_flex_column et_pb_css_mix_blend_mode_passthrough et_flex_column_24_24 et_flex_column_24_24_tablet et_flex_column_24_24_phone\">\n<div class=\"et_pb_text_0 et_pb_text et_pb_bg_layout_light et_pb_module et_flex_module\"><div class=\"et_pb_text_inner\"><p style=\"text-align: center;\"><span>Elid\u00e9e, votre partenaire Web depuis 2004<\/span><\/p>\n<\/div><\/div>\n\n<div class=\"et_pb_text_1 et_pb_text et_pb_bg_layout_light et_pb_module et_flex_module\"><div class=\"et_pb_text_inner\"><p style=\"text-align: center;\">\n<h1 style=\"text-align: center;\">Cr\u00e9ation de site Internet Orthez\u200b<\/h1>\n<\/div><\/div>\n\n<div class=\"et_pb_text_2 et_pb_text et_pb_bg_layout_light et_pb_module et_flex_module\"><div class=\"et_pb_text_inner\"><h2 class=\"elementor-heading-title elementor-size-default elementor-inline-editing pen\" data-elementor-setting-key=\"title\" contenteditable=\"true\" data-pen-placeholder=\"\u00c9crivez ici...\" style=\"text-align: center;\">Pourquoi Choisir Notre Agence Web \u00e0 Orthez ?\u200b<\/h2>\n<\/div><\/div>\n<\/div>\n<\/div>\n\n<div class=\"et_pb_row_1 et_pb_row et_flex_row\">\n<div class=\"et_pb_column_1 et_pb_column et_flex_column et_pb_css_mix_blend_mode_passthrough et_flex_column_24_24 et_flex_column_24_24_tablet et_flex_column_24_24_phone\">\n<div class=\"et_pb_text_3 et_pb_text et_pb_bg_layout_light et_pb_module et_flex_module\"><div class=\"et_pb_text_inner\"><p>Vous recherchez une solution efficace pour d\u00e9velopper votre pr\u00e9sence en ligne \u00e0 Orthez ? Notre agence sp\u00e9cialis\u00e9e dans la cr\u00e9ation de sites internet \u00e0 Orthez vous offre des services sur mesure adapt\u00e9s \u00e0 vos besoins. Nous comprenons l'importance d'un site web bien con\u00e7u pour attirer et fid\u00e9liser vos clients.<\/p>\n<h2 class=\"intext\">Nos Services de Cr\u00e9ation de Site Internet \u00e0 Orthez<\/h2>\n<p>Nous proposons une gamme compl\u00e8te de services pour la cr\u00e9ation de votre site internet \u00e0 Orthez :<\/p>\n<ul>\n<li><strong>Design personnalis\u00e9 :<\/strong> Nos designers cr\u00e9ent des sites uniques refl\u00e9tant l'identit\u00e9 de votre entreprise.<\/li>\n<li><strong>D\u00e9veloppement sur mesure :<\/strong> Nous utilisons les derni\u00e8res technologies pour d\u00e9velopper des sites performants et s\u00e9curis\u00e9s.<\/li>\n<li><strong>Optimisation SEO :<\/strong> Chaque site est optimis\u00e9 pour les moteurs de recherche afin de garantir une visibilit\u00e9 maximale.<\/li>\n<li><strong>Maintenance et support :<\/strong> Nous assurons un suivi continu pour que votre site reste \u00e0 jour et fonctionnel.<\/li>\n<\/ul>\n<\/div><\/div>\n<\/div>\n\n<div class=\"et_pb_column_2 et_pb_column et-last-child et_flex_column et_pb_css_mix_blend_mode_passthrough et_flex_column_24_24 et_flex_column_24_24_tablet et_flex_column_24_24_phone\">\n<div class=\"et_pb_text_4 et_pb_text et_pb_bg_layout_light et_pb_module et_flex_module\"><div class=\"et_pb_text_inner\"><h2 class=\"intext\">Pourquoi un Site Internet est Essentiel pour les Entreprises \u00e0 Orthez<\/h2>\n<p>\u00c0 l'\u00e8re du num\u00e9rique, il est crucial pour les entreprises de toutes tailles d'avoir une pr\u00e9sence en ligne. Un site internet professionnel permet de :<\/p>\n<ul>\n<li><strong>Attirer de nouveaux clients :<\/strong> En \u00e9tant visible sur le web, vous pouvez toucher une audience plus large.<\/li>\n<li><strong>Renforcer la cr\u00e9dibilit\u00e9 :<\/strong> Un site bien con\u00e7u renforce l'image de marque et la confiance des clients.<\/li>\n<li><strong>Faciliter la communication :<\/strong> Un site permet de fournir facilement des informations sur vos produits et services.<\/li>\n<li><strong>Augmenter les ventes :<\/strong> Un site e-commerce bien optimis\u00e9 peut augmenter vos ventes en ligne.<\/li>\n<\/ul>\n<\/div><\/div>\n<\/div>\n<\/div>\n<\/div>","protected":false},"excerpt":{"rendered":"","protected":false},"author":1,"featured_media":0,"parent":0,"menu_order":0,"comment_status":"closed","ping_status":"closed","template":"","meta":{"footnotes":""},"class_list":["post-42","page","type-page","status-publish","hentry"],"_links":{"self":[{"href":"https:\/\/divi5.elidee.com\/index.php\/wp-json\/wp\/v2\/pages\/42","targetHints":{"allow":["GET"]}}],"collection":[{"href":"https:\/\/divi5.elidee.com\/index.php\/wp-json\/wp\/v2\/pages"}],"about":[{"href":"https:\/\/divi5.elidee.com\/index.php\/wp-json\/wp\/v2\/types\/page"}],"author":[{"embeddable":true,"href":"https:\/\/divi5.elidee.com\/index.php\/wp-json\/wp\/v2\/users\/1"}],"replies":[{"embeddable":true,"href":"https:\/\/divi5.elidee.com\/index.php\/wp-json\/wp\/v2\/comments?post=42"}],"version-history":[{"count":1,"href":"https:\/\/divi5.elidee.com\/index.php\/wp-json\/wp\/v2\/pages\/42\/revisions"}],"predecessor-version":[{"id":43,"href":"https:\/\/divi5.elidee.com\/index.php\/wp-json\/wp\/v2\/pages\/42\/revisions\/43"}],"wp:attachment":[{"href":"https:\/\/divi5.elidee.com\/index.php\/wp-json\/wp\/v2\/media?parent=42"}],"curies":[{"name":"wp","href":"https:\/\/api.w.org\/{rel}","templated":true}]}}