{"id":64,"date":"2025-02-10T18:14:58","date_gmt":"2025-02-10T17:14:58","guid":{"rendered":"https:\/\/divi5.elidee.com\/index.php\/imprint\/"},"modified":"2025-11-03T10:37:06","modified_gmt":"2025-11-03T09:37:06","slug":"imprint","status":"publish","type":"page","link":"https:\/\/divi5.elidee.com\/index.php\/imprint\/","title":{"rendered":"Imprint"},"content":{"rendered":"\n<!-- Legal document generated by Complianz | GDPR\/CCPA Cookie Consent https:\/\/wordpress.org\/plugins\/complianz-gdpr -->\n<div id=\"cmplz-document\" class=\"cmplz-document impressum cmplz-document-all\"><p><i>Cette imprint a \u00e9t\u00e9 mise \u00e0 jour pour la derni\u00e8re fois le 10 f\u00e9vrier 2025.<\/i><\/p><p class=\"cmplz-subtitle\">Le propri\u00e9taire de ce site web est\u00a0:<\/p><p>Elid\u00e9e SARL<br>7 chemin Benzy<br \/>\n64150 Lagor<br>France<br>E-mail\u00a0:&nbsp;&#100;p&#111;&#064;eli&#100;e&#101;&#046;com<br>Phone number: +33564620030<br>ID TVA\u00a0:&nbsp;FR12453404675<\/p><p class=\"cmplz-subtitle\">Le(s) repr\u00e9sentant(s) l\u00e9gal(aux) de Elid\u00e9e SARL\u00a0:<\/p><p>Pierre Girard<\/p><h2>1. G\u00e9n\u00e9ral<\/h2><p class=\"cmplz-subtitle\">1.1 Nous sommes enregistr\u00e9s chez RCS Pau sous le num\u00e9ro de licence ou d\u2019enregistrement\u00a0:<\/p><p>453 404 675<\/p><p>Nous ne sommes ni dispos\u00e9s ni oblig\u00e9s de participer \u00e0 des proc\u00e9dures de r\u00e8glement des litiges devant une commission d\u2019arbitrage des consommateurs.<\/p><p class=\"cmplz-subtitle\">1.2 Die Eigentumsanteile der Gesellschaft (Aktienkapital), die von ihr ausgegeben wurden:<\/p><p>10500 \u20ac<\/p><p class=\"cmplz-subtitle\">1.3 Unsere Berufshaftpflichtversicherung lautet:<\/p><p>Responsabilit\u00e9 Civile Professionnelle n\u00b0 7950950\/RD01977851L<\/p><\/div>","protected":false},"excerpt":{"rendered":"","protected":false},"author":1,"featured_media":0,"parent":0,"menu_order":0,"comment_status":"closed","ping_status":"closed","template":"","meta":{"footnotes":""},"class_list":["post-64","page","type-page","status-publish","hentry"],"_links":{"self":[{"href":"https:\/\/divi5.elidee.com\/index.php\/wp-json\/wp\/v2\/pages\/64","targetHints":{"allow":["GET"]}}],"collection":[{"href":"https:\/\/divi5.elidee.com\/index.php\/wp-json\/wp\/v2\/pages"}],"about":[{"href":"https:\/\/divi5.elidee.com\/index.php\/wp-json\/wp\/v2\/types\/page"}],"author":[{"embeddable":true,"href":"https:\/\/divi5.elidee.com\/index.php\/wp-json\/wp\/v2\/users\/1"}],"replies":[{"embeddable":true,"href":"https:\/\/divi5.elidee.com\/index.php\/wp-json\/wp\/v2\/comments?post=64"}],"version-history":[{"count":1,"href":"https:\/\/divi5.elidee.com\/index.php\/wp-json\/wp\/v2\/pages\/64\/revisions"}],"predecessor-version":[{"id":78,"href":"https:\/\/divi5.elidee.com\/index.php\/wp-json\/wp\/v2\/pages\/64\/revisions\/78"}],"wp:attachment":[{"href":"https:\/\/divi5.elidee.com\/index.php\/wp-json\/wp\/v2\/media?parent=64"}],"curies":[{"name":"wp","href":"https:\/\/api.w.org\/{rel}","templated":true}]}}