{"id":8,"date":"2025-02-08T11:22:54","date_gmt":"2025-02-08T10:22:54","guid":{"rendered":"https:\/\/divi5.elidee.com\/?page_id=8"},"modified":"2026-01-02T10:16:23","modified_gmt":"2026-01-02T09:16:23","slug":"8-2","status":"publish","type":"page","link":"https:\/\/divi5.elidee.com\/","title":{"rendered":"Cr\u00e9ation de Site Internet Orthez &#8211; Solutions Personnalis\u00e9es pour Votre Entreprise"},"content":{"rendered":"<div class=\"et_pb_section_0 et_pb_section et_section_regular et_block_section\">\n<div class=\"et_pb_row_0 et_pb_row et_flex_row\">\n<div class=\"et_pb_column_0 et_pb_column et_block_column et_pb_css_mix_blend_mode_passthrough et_flex_column_24_24 et_flex_column_24_24_tablet et_flex_column_24_24_phone\">\n<div class=\"et_pb_text_0 et_pb_text et_pb_bg_layout_light et_pb_module et_block_module\"><div class=\"et_pb_text_inner\"><p style=\"text-align: center;\"><span>Elid\u00e9e, votre partenaire Web depuis 2004<\/span><\/p>\n<\/div><\/div>\n\n<div class=\"et_pb_text_1 et_pb_text et_pb_bg_layout_light et_pb_module et_block_module\"><div class=\"et_pb_text_inner\"><div class=\"elementor-element elementor-element-1e0da94 elementor-widget elementor-widget-heading\" data-id=\"1e0da94\" data-element_type=\"widget\" data-widget_type=\"heading.default\">\n<div class=\"elementor-widget-container\">\n<h1 class=\"elementor-heading-title elementor-size-default\">Cr\u00e9ation de site internet, D\u00e9veloppement d'outil m\u00e9tier &amp; H\u00e9bergement web<\/h1>\n<\/div>\n<\/div>\n<div class=\"elementor-element elementor-element-21e9332 elementor-widget elementor-widget-text-editor\" data-id=\"21e9332\" data-element_type=\"widget\" data-widget_type=\"text-editor.default\">\n<div class=\"elementor-widget-container\">\n<p>&nbsp;<\/p>\n<\/div>\n<\/div>\n<\/div><\/div>\n\n<div class=\"et_pb_text_2 et_pb_text et_pb_bg_layout_light et_pb_module et_block_module\"><div class=\"et_pb_text_inner\"><p><span>Nous offrons des <\/span><strong>solutions web compl\u00e8tes<\/strong><span> qui englobent le <\/span><em>d\u00e9veloppement<\/em><span> et <\/span><em>l'h\u00e9bergement<\/em><span>, sp\u00e9cialement con\u00e7ues pour r\u00e9pondre \u00e0 vos besoins et \u00e0 votre budget. Gr\u00e2ce \u00e0 notre expertise, <\/span><strong>nous vous accompagnons depuis le conseil jusqu'\u00e0 la r\u00e9alisation<\/strong><span>, en passant par la formation, afin de garantir le succ\u00e8s de votre projet.<\/span><\/p>\n<\/div><\/div>\n<\/div>\n\n<div class=\"et_pb_column_1 et_pb_column et-last-child et_block_column et_pb_css_mix_blend_mode_passthrough et_flex_column_24_24 et_flex_column_24_24_tablet et_flex_column_24_24_phone\">\n<div class=\"et_pb_row_1 et_pb_row et_pb_row_nested et_flex_row\">\n<div class=\"et_pb_column_2 et_pb_column et-last-child et_flex_column et_pb_css_mix_blend_mode_passthrough et_flex_column_24_24 et_flex_column_24_24_tablet et_flex_column_24_24_phone\">\n<div class=\"et_pb_text_3 et_pb_text et_pb_bg_layout_light et_pb_module et_block_module\"><div class=\"et_pb_text_inner\"><h2 class=\"elementor-heading-title elementor-size-default elementor-inline-editing pen\" data-elementor-setting-key=\"title\" contenteditable=\"true\" data-pen-placeholder=\"\u00c9crivez ici...\">Votre nom de domaine est-il disponible ?\u200b<\/h2>\n<\/div><\/div>\n\n<div class=\"et_pb_text_4 et_pb_text et_pb_bg_layout_light et_pb_module et_block_module\"><div class=\"et_pb_text_inner\">\n  <form id=\"netim-domain-checker-form\">\n      <input type=\"text\" id=\"domain\" style=\"width: 180px\" placeholder=\"Domaine\">&nbsp;.&nbsp;\n      <select id=\"extension\">\n        <option value=\"fr\">fr<\/option>\n        <option value=\"com\">com<\/option>\n        <option value=\"net\">net<\/option>\n        <option value=\"org\">org<\/option>\n        <option value=\"app\">app<\/option>\n        <option value=\"pro\">pro<\/option>\n        <!-- <option value=\"\">--<\/option>\n        <option value=\"all\">Tous<\/option> -->\n        <\/select>\n        &nbsp;\n      <button type=\"submit\" style=\"color: white; font-weight: bold;\" onclick=\"jQuery('#netim-domain-checker-response').html('&nbsp;');\">V\u00e9rifier<\/button>\n  <\/form>\n  <div id=\"netim-domain-checker-response\" style=\"padding-top: 20px\";>&nbsp;<\/div>\n\n  \n<\/div><\/div>\n<\/div>\n<\/div>\n<\/div>\n<\/div>\n<\/div>\n\n<div class=\"et_pb_section_1 et_pb_section et_section_regular et_block_section\">\n<div class=\"et_pb_row_2 et_pb_row et_flex_row\">\n<div class=\"et_pb_column_3 et_pb_column et_flex_column et_pb_css_mix_blend_mode_passthrough et_flex_column_8_24 et_flex_column_8_24_tablet et_flex_column_24_24_phone\">\n<div class=\"et_pb_group_0 et_pb_group et-last-child et_pb_module et_flex_group et_pb_css_mix_blend_mode_passthrough\">\n<div class=\"et_pb_blurb_0 et_pb_blurb et_pb_bg_layout_light et_pb_blurb_position_top et_clickable et_pb_module et_flex_module\"><div class=\"et_pb_blurb_content et_flex_module\"><div class=\"et_pb_main_blurb_image\"><a href=\"http:\/\/D\u00e9couvrez%20les%20offres\" target=\"_blank\"><span class=\"et_pb_image_wrap\"><span class=\"et-pb-icon\">\uf108<\/span><\/span><\/a><\/div><div class=\"et_pb_blurb_container\"><h4 class=\"et_pb_module_header\"><a href=\"http:\/\/D\u00e9couvrez%20les%20offres\" target=\"_blank\">SITE WEB<\/a><\/h4><div class=\"et_pb_blurb_description\"><ul>\n<li>Offres sur mesure<\/li>\n<li>Offres adapt\u00e9es aux TPE<\/li>\n<\/ul>\n<p>Touchez vos cibles et <b>atteignez vos objectifs de croissance de votre chiffre d'affaires<\/b> gr\u00e2ce \u00e0 la conception de site vitrine, e-commerce, refonte site internet, cr\u00e9ation landing page, blog, ou site web sur-mesure.<\/p>\n<p>&nbsp;<\/p>\n<\/div><\/div><\/div><\/div>\n\n<div class=\"et_pb_module et_pb_button_module_wrapper et_pb_button_0_wrapper\"><a class=\"et_pb_button_0 et_pb_button et_pb_bg_layout_light et_pb_module et_flex_module\" href=\"\">D\u00e9couvrez les offres<\/a><\/div>\n<\/div>\n<\/div>\n\n<div class=\"et_pb_column_4 et_pb_column et_flex_column et_pb_css_mix_blend_mode_passthrough et_flex_column_8_24 et_flex_column_8_24_tablet et_flex_column_24_24_phone\">\n<div class=\"et_pb_group_1 et_pb_group et-last-child et_pb_module et_flex_group et_pb_css_mix_blend_mode_passthrough\">\n<div class=\"et_pb_blurb_1 et_pb_blurb et_pb_bg_layout_light et_pb_blurb_position_top et_clickable et_pb_module et_flex_module\"><div class=\"et_pb_blurb_content et_flex_module\"><div class=\"et_pb_main_blurb_image\"><a href=\"http:\/\/D\u00e9couvrez%20les%20offres\" target=\"_blank\"><span class=\"et_pb_image_wrap\"><span class=\"et-pb-icon\">\uf108<\/span><\/span><\/a><\/div><div class=\"et_pb_blurb_container\"><h4 class=\"et_pb_module_header\"><a href=\"http:\/\/D\u00e9couvrez%20les%20offres\" target=\"_blank\">OUTIL M\u00c9TIER<\/a><\/h4><div class=\"et_pb_blurb_description\"><ul>\n<li>Outil 100% sur mesure<\/li>\n<li>Automatisez vos process<\/li>\n<\/ul>\n<p>Elid\u00e9e met son savoir-faire \u00e0 votre service pour <strong>installer ou d\u00e9velopper votre outil m\u00e9tier personnalis\u00e9<\/strong>. Il fera partie int\u00e9grante de votre strat\u00e9gie globale et sera interfac\u00e9 avec votre syst\u00e8me d'informations.<\/p>\n<\/div><\/div><\/div><\/div>\n\n<div class=\"et_pb_module et_pb_button_module_wrapper et_pb_button_1_wrapper\"><a class=\"et_pb_button_1 et_pb_button et_pb_bg_layout_light et_pb_module et_flex_module\" href=\"\">D\u00e9couvrez les offres<\/a><\/div>\n<\/div>\n<\/div>\n\n<div class=\"et_pb_column_5 et_pb_column et_flex_column et_pb_css_mix_blend_mode_passthrough et_flex_column_8_24 et_flex_column_8_24_tablet et_flex_column_24_24_phone\">\n<div class=\"et_pb_group_2 et_pb_group et-last-child et_pb_module et_flex_group et_pb_css_mix_blend_mode_passthrough\">\n<div class=\"et_pb_blurb_2 et_pb_blurb et_pb_bg_layout_light et_pb_blurb_position_top et_clickable et_pb_module et_flex_module\"><div class=\"et_pb_blurb_content et_flex_module\"><div class=\"et_pb_main_blurb_image\"><a href=\"http:\/\/D\u00e9couvrez%20les%20offres\"><span class=\"et_pb_image_wrap\"><span class=\"et-pb-icon\">\uf015<\/span><\/span><\/a><\/div><div class=\"et_pb_blurb_container\"><h4 class=\"et_pb_module_header\"><a href=\"http:\/\/D\u00e9couvrez%20les%20offres\">H\u00c9BERGEMENT<\/a><\/h4><div class=\"et_pb_blurb_description\"><ul>\n<li>Serveurs de haute qualit\u00e9<\/li>\n<li>Offres \u00e9volutives & adapt\u00e9es<\/li>\n<\/ul>\n<p>Gr\u00e2ce \u00e0 nos <strong>solutions d'h\u00e9bergement personnalis\u00e9es et ultra s\u00e9curis\u00e9es<\/strong>, vos donn\u00e9es sont stock\u00e9es <strong>exclusivement en France<\/strong> (pr\u00e8s d'Orthez) sur nos serveurs.<\/p>\n<\/div><\/div><\/div><\/div>\n\n<div class=\"et_pb_module et_pb_button_module_wrapper et_pb_button_2_wrapper\"><a class=\"et_pb_button_2 et_pb_button et_pb_bg_layout_light et_pb_module et_flex_module\" href=\"\">D\u00e9couvrez les offres<\/a><\/div>\n<\/div>\n<\/div>\n\n<div class=\"et_pb_column_6 et_pb_column et-last-child et_flex_column et_pb_css_mix_blend_mode_passthrough et_flex_column_8_24 et_flex_column_8_24_tablet et_flex_column_24_24_phone\">\n<div class=\"et_pb_group_3 et_pb_group et-last-child et_pb_module et_flex_group et_pb_css_mix_blend_mode_passthrough\">\n<div class=\"et_pb_blurb_3 et_pb_blurb et_pb_bg_layout_light et_pb_blurb_position_top et_clickable et_pb_module et_flex_module\"><div class=\"et_pb_blurb_content et_flex_module\"><div class=\"et_pb_main_blurb_image\"><a href=\"http:\/\/D\u00e9couvrez%20les%20offres\"><span class=\"et_pb_image_wrap\"><span class=\"et-pb-icon\">\uf59f<\/span><\/span><\/a><\/div><div class=\"et_pb_blurb_container\"><h4 class=\"et_pb_module_header\"><a href=\"http:\/\/D\u00e9couvrez%20les%20offres\">LATITUDE 3D<\/a><\/h4><div class=\"et_pb_blurb_description\"><ul>\n<li>Application immersive<\/li>\n<li>Visite Virtuelle Enrichie<\/li>\n<\/ul>\n<p>Elid\u00e9e vous propose de valoriser votre territoire, votre entreprise, de faciliter la vie de vos usagers, de vos visiteurs, de faire d\u00e9couvrir votre environnement d'une mani\u00e8re <strong>innovante et interactive<\/strong> !<\/p>\n<p>&nbsp;<\/p>\n<p>&nbsp;<\/p>\n<\/div><\/div><\/div><\/div>\n\n<div class=\"et_pb_module et_pb_button_module_wrapper et_pb_button_3_wrapper\"><a class=\"et_pb_button_3 et_pb_button et_pb_bg_layout_light et_pb_module et_flex_module\" href=\"\">D\u00e9couvrez les offres<\/a><\/div>\n<\/div>\n<\/div>\n<\/div>\n<\/div>","protected":false},"excerpt":{"rendered":"","protected":false},"author":1,"featured_media":0,"parent":0,"menu_order":0,"comment_status":"closed","ping_status":"closed","template":"","meta":{"footnotes":""},"class_list":["post-8","page","type-page","status-publish","hentry"],"_links":{"self":[{"href":"https:\/\/divi5.elidee.com\/index.php\/wp-json\/wp\/v2\/pages\/8","targetHints":{"allow":["GET"]}}],"collection":[{"href":"https:\/\/divi5.elidee.com\/index.php\/wp-json\/wp\/v2\/pages"}],"about":[{"href":"https:\/\/divi5.elidee.com\/index.php\/wp-json\/wp\/v2\/types\/page"}],"author":[{"embeddable":true,"href":"https:\/\/divi5.elidee.com\/index.php\/wp-json\/wp\/v2\/users\/1"}],"replies":[{"embeddable":true,"href":"https:\/\/divi5.elidee.com\/index.php\/wp-json\/wp\/v2\/comments?post=8"}],"version-history":[{"count":32,"href":"https:\/\/divi5.elidee.com\/index.php\/wp-json\/wp\/v2\/pages\/8\/revisions"}],"predecessor-version":[{"id":105,"href":"https:\/\/divi5.elidee.com\/index.php\/wp-json\/wp\/v2\/pages\/8\/revisions\/105"}],"wp:attachment":[{"href":"https:\/\/divi5.elidee.com\/index.php\/wp-json\/wp\/v2\/media?parent=8"}],"curies":[{"name":"wp","href":"https:\/\/api.w.org\/{rel}","templated":true}]}}